{"id":16,"date":"2018-01-26T17:42:30","date_gmt":"2018-01-26T17:42:30","guid":{"rendered":"http:\/\/reifen-profi-barsinghausen.de\/?page_id=16"},"modified":"2018-01-30T17:36:21","modified_gmt":"2018-01-30T17:36:21","slug":"imprint","status":"publish","type":"page","link":"http:\/\/reifen-profi.net\/?page_id=16","title":{"rendered":"Impressum"},"content":{"rendered":"<div class=\"flex_column av_one_full  flex_column_div av-zero-column-padding first  \" style='border-radius:0px; '><section class=\"av_textblock_section \"  itemscope=\"itemscope\" itemtype=\"https:\/\/schema.org\/CreativeWork\" ><div class='avia_textblock  av_inherit_color '  style='color:#000000; '  itemprop=\"text\" ><h3>Impressum<\/h3>\n<p>Angaben gem\u00e4\u00df \u00a7 5 TMG:<br \/>\nReifen-Profi-Barsinghausen<br \/>\nInhaberin Natascha Fr\u00f6hnel<br \/>\nBunsenstra\u00dfe 7<br \/>\n30890 Barsinghausen<\/p>\n<p>Kontakt:<br \/>\nTelefon: +49 (0) 5105 \/ 66 23 46<br \/>\nTelefax: +49 (0) 5105 \/ 66 23 48<br \/>\nE-Mail: info (- at- ) reifen-profi.net<\/p>\n<p>Umsatzsteuer-ID:\u00a0 DE 196230327<\/p>\n<p>Verantwortlicher \/ Verantwortliche f\u00fcr journalistisch-redaktionelle Texte:<br \/>\nNatascha Fr\u00f6hnel<\/p>\n<p><em>Datenschutzerkl\u00e4rung f\u00fcr die Nutzung von Google Analytics<\/em><\/p>\n<p>Diese Website benutzt Google Analytics, einen Webanalysedienst der Google Inc. (\u201cGoogle\u201d). Google Analytics verwendet sog. \u201cCookies\u201d, Textdateien, die auf Ihrem Computer gespeichert werden und die eine Analyse der Benutzung der Website durch Sie erm\u00f6glicht. Die durch den Cookie erzeugten Informationen \u00fcber Ihre Benutzung dieser Website (einschlie\u00dflich Ihrer IP-Adresse) wird an einen Server von Google in den USA \u00fcbertragen und dort gespeichert. Google wird diese Informationen benutzen, um Ihre Nutzung der Website auszuwerten, um Reports \u00fcber die Websiteaktivit\u00e4ten f\u00fcr die Websitebetreiber zusammenzustellen und um weitere mit der Websitenutzung und der Internetnutzung verbundene Dienstleistungen zu erbringen. Auch wird Google diese Informationen gegebenenfalls an Dritte \u00fcbertragen, sofern dies gesetzlich vorgeschrieben ist oder soweit Dritte diese Daten im Auftrag von Google verarbeiten. Google wird in keinem Fall Ihre IP-Adresse mit anderen Daten der Google Inc. in Verbindung bringen. Sie k\u00f6nnen die Installation der Cookies durch eine entsprechende Einstellung Ihrer Browser Software verhindern; wir weisen Sie jedoch darauf hin, dass Sie in diesem Fall gegebenenfalls nicht s\u00e4mtliche Funktionen dieser Website voll umf\u00e4nglich nutzen k\u00f6nnen. Durch die Nutzung dieser Website erkl\u00e4ren Sie sich mit der Bearbeitung der \u00fcber Sie erhobenen Daten durch Google in der zuvor beschriebenen Art und Weise und zu dem zuvor benannten Zweck einverstanden.<\/p>\n<\/div><\/section><\/div>\n","protected":false},"excerpt":{"rendered":"","protected":false},"author":1,"featured_media":0,"parent":0,"menu_order":0,"comment_status":"closed","ping_status":"closed","template":"","meta":{"footnotes":""},"class_list":["post-16","page","type-page","status-publish","hentry"],"_links":{"self":[{"href":"http:\/\/reifen-profi.net\/index.php?rest_route=\/wp\/v2\/pages\/16","targetHints":{"allow":["GET"]}}],"collection":[{"href":"http:\/\/reifen-profi.net\/index.php?rest_route=\/wp\/v2\/pages"}],"about":[{"href":"http:\/\/reifen-profi.net\/index.php?rest_route=\/wp\/v2\/types\/page"}],"author":[{"embeddable":true,"href":"http:\/\/reifen-profi.net\/index.php?rest_route=\/wp\/v2\/users\/1"}],"replies":[{"embeddable":true,"href":"http:\/\/reifen-profi.net\/index.php?rest_route=%2Fwp%2Fv2%2Fcomments&post=16"}],"version-history":[{"count":12,"href":"http:\/\/reifen-profi.net\/index.php?rest_route=\/wp\/v2\/pages\/16\/revisions"}],"predecessor-version":[{"id":391,"href":"http:\/\/reifen-profi.net\/index.php?rest_route=\/wp\/v2\/pages\/16\/revisions\/391"}],"wp:attachment":[{"href":"http:\/\/reifen-profi.net\/index.php?rest_route=%2Fwp%2Fv2%2Fmedia&parent=16"}],"curies":[{"name":"wp","href":"https:\/\/api.w.org\/{rel}","templated":true}]}}